{"id":134,"date":"2011-03-26T14:47:18","date_gmt":"2011-03-26T14:47:18","guid":{"rendered":"http:\/\/ikrweb.wordpress.com\/?page_id=134"},"modified":"2020-05-06T15:40:44","modified_gmt":"2020-05-06T13:40:44","slug":"in-the-media","status":"publish","type":"page","link":"http:\/\/www.ilse-koehler-rollefson.com\/?page_id=134","title":{"rendered":"In the media"},"content":{"rendered":"<p><a href=\"http:\/\/www.youtube.com\/watch?v=AUVilcvv1RI&amp;feature=player_embedded\" target=\"_blank\" rel=\"noopener noreferrer\"><img loading=\"lazy\" decoding=\"async\" class=\"size-full wp-image-42 alignright\" title=\"handprint-camel_small.jpg\" src=\"http:\/\/ikrweb.files.wordpress.com\/2010\/11\/handprint-camel_small.jpg\" alt=\"\" width=\"170\" height=\"172\" \/><\/a><\/p>\n<p>Stuck in lockdown, Rajasthan&#8217;s pastoral nomads worry for animals. <a href=\"https:\/\/www.newsclick.in\/COVID-Rajasthan-Pastoral-Nomads-Worry-for-Animals\">Newsclick, May 5, 2020<\/a><\/p>\n<p>There is no camel community for Australia&#8217;s camels. <a href=\"https:\/\/www.downtoearth.org.in\/news\/wildlife-biodiversity\/-there-is-no-camel-community-for-australia-s-camels--68724\">Down to Earth, January, 2020<\/a>.<\/p>\n<p>Indefatigable Camel Crusader in <a href=\"http:\/\/www.marwar.com\/indefatigable-camel-crusader\/\">Marwar Magazine , August 5, 2019<\/a><\/p>\n<p>To save India&#8217;s Camel Culture, a new dairy is selling milk and cream cheese.\u00a0 <a href=\"https:\/\/www.atlasobscura.com\/articles\/camel-milk-in-india\">Atlas Obscura,<\/a> May 20, 2019<\/p>\n<p>Our lady of the camels. <a href=\"https:\/\/www.rolex.org\/rolex-awards\/environment\/ilse-kohler-rollefson\">Rolex Awards for Enterprise<\/a><\/p>\n<p>The first list of speakers for ZEE Jaipur Literature Festival. <a href=\"http:\/\/www.india.com\/lifestyle\/zee-jaipur-literature-festival-here-is-the-first-list-of-speakers-for-2018-edition-2690879\/\">India<\/a>, November 29th, 2017<\/p>\n<p>Need new ideas to boost Rajasthan&#8217;s camel population: Researcher <a href=\"https:\/\/timesofindia.indiatimes.com\/city\/jaipur\/need-new-ideas-to-boost-rajasthans-camel-population-researcher\/articleshow\/59490538.cms\">The Times of India, July 7th, 2017.<\/a><\/p>\n<p>Raising a glass to camel milk. <a href=\"http:\/\/www.livemint.com\/Leisure\/FnigzppnlGfTcfXCTiAarM\/Raising-a-glass-to-camel-milk.html\">Livemint, April 7th, 2017.<\/a><\/p>\n<p>How a German vet&#8217;s love for camels is saving a unique community in Rajasthan. <a href=\"https:\/\/www.thebetterindia.com\/78474\/camel-charisma-isle-kohler-rollefson-raika-rajasthan\/\">The better India<\/a>, December 16th, 2016.<\/p>\n<p>Can Camel Milk Save India&#8217;s Nomadic Raikas. <a href=\"https:\/\/news.nationalgeographic.com\/2016\/10\/ilse-kohler-rollefson-explorer-moments-raika-camels\/\">National Geographic, October 26th, 2016.<\/a><\/p>\n<p>Camel Crusader. <a href=\"https:\/\/biblio-india.org\/index.asp\">Biblio March-April, 2015.<\/a><\/p>\n<p><a href=\"http:\/\/foodtank.com\/news\/2015\/09\/lessons-on-camel-culture-in-rajasthan-india\" target=\"_blank\" rel=\"noopener noreferrer\">Lessons from the Camel Culture of Rajasthan<\/a>. Foodtank. September, 27th, 2015<\/p>\n<p><a href=\"http:\/\/A%20chronicle of a German veterinarian\u2019s efforts to save the camel in Rajasthan\" target=\"_blank\" rel=\"noopener noreferrer\">Unburdening the beast.A chronicle of a German veterinarian\u2019s efforts to save the camel in Rajasthan<\/a>. Indian Express. January 10th, 2015.<\/p>\n<p><a href=\"http:\/\/www.hindustantimes.com\/india\/ilse-kohler-rollefson-our-lady-of-the-camels\/story-QPbLcOFg8BAjeH2iBlmEDK.html\" target=\"_blank\" rel=\"noopener noreferrer\">Our lady of the camels<\/a>. Hindustan Times, New-Delhi. March 28th, 2015.<\/p>\n<p><a href=\"http:\/\/http:\/\/www.mumbaimirror.com\/columns\/columnists\/eunice-de-souza\/On-cuddling-a-camel\/articleshow\/45290203.cms\" target=\"_blank\" rel=\"noopener noreferrer\">On cuddling a camel<\/a>. Mumbai Mirror. November, 27th, 2014.<\/p>\n<p><a href=\"http:\/\/www.google.com\/hostednews\/afp\/article\/ALeqM5hA97h0ZK4mj2jyItVW3yZzKZNiPA?docId=e5f0734a-bf32-48f6-904c-ab89f209f0df\" target=\"_blank\" rel=\"noopener noreferrer\">Article<\/a> and <a href=\"http:\/\/www.youtube.com\/watch?v=Lm9aD--4DIA\" target=\"_blank\" rel=\"noopener noreferrer\">video<\/a> by Agence France-Presses about the decline of camels at the Pushkar Fair in Rajasthan.<\/p>\n<p><a href=\"http:\/\/oneco.biofach.de\/en\/news\/ilse-and-her-love-of-camels--focus--f9a2d71f-48df-4848-9b15-f965074d85dc\/\" target=\"_blank\" rel=\"noopener noreferrer\">Article by Oneco.<\/a> This on-line magazine with news from the organic community featured an article written by Anne Welsing.<\/p>\n<p><a href=\"http:\/\/blogs.worldwatch.org\/investing-in-the-future-of-livestock-an-interview-with-dr-ilse-koehler-rollefson\/\">Interview with Worldwatch Institute<\/a>. While participating in the IADG livestock donors meeting in Washington DC, I was interviewed by the Worldwatch Institute about the future of livestock keeping.<\/p>\n<p><a href=\"http:\/\/www.new-delhi.diplo.de\/Vertretung\/newdelhi\/en\/07\/Save__Camel__Project.html\" target=\"_blank\" rel=\"noopener noreferrer\">Unique Indo-German endeavour to save Rajasthan&#8217;s camels<\/a>. A write-up of our project on the website of the German Embassy in New-Delhi.<\/p>\n<p><a href=\"http:\/\/www.youtube.com\/watch?v=AUVilcvv1RI&amp;feature=player_embedded\" target=\"_blank\" rel=\"noopener noreferrer\">Lokhit Pashu-Palak Sansthan &#8211; Welfare Organisation for Livestock Keepers<\/a>. A <span class=\"zem_slink\">short movie<\/span> by the <a href=\"http:\/\/whattookyousolong.org\/\" target=\"_blank\" rel=\"noopener noreferrer\">What took You So Long Foundation<\/a> that introduces our work in <span class=\"zem_slink\">Rajasthan<\/span>.<\/p>\n<p><a href=\"http:\/\/www.bbc.co.uk\/programmes\/p0026r94\" target=\"_blank\" rel=\"noopener noreferrer\">Return of the Nomad<\/a>. On <a class=\"zem_slink\" title=\"BBC World News\" href=\"http:\/\/www.bbcworldnews.com\/\" rel=\"homepage\">BBC World<\/a> with Susie Emmett about the future of the <a class=\"zem_slink\" title=\"Rabari\" href=\"http:\/\/en.wikipedia.org\/wiki\/Rabari\" rel=\"wikipedia\">Raika<\/a>.<\/p>\n<p><a href=\"http:\/\/www.bbc.co.uk\/programmes\/b007x5yl\" target=\"_blank\" rel=\"noopener noreferrer\">India with Sanjeev Bhaskar<\/a>. A Camel named Sanjeev. <a class=\"zem_slink\" title=\"BBC Two\" href=\"http:\/\/www.bbc.co.uk\/bbctwo\/\" rel=\"homepage\">BBC 2<\/a> documentary.<\/p>\n<p><a href=\"http:\/\/rolexawards.com\/en\/the-laureates\/ilsekohlerrollefson-championing-the-animals-the-world-forgot.jsp\" target=\"_blank\" rel=\"noopener noreferrer\">Championing the animals the world forgot<\/a>. Rolex Awards Magazine, 2008.<\/p>\n<p><strong>In <span class=\"zem_slink\">German<\/span> (auf deutsch)<\/strong><\/p>\n<p><a href=\"http:\/\/www.nachhaltigwirtschaften.net\/scripts\/basics\/eco-world\/wirtschaft\/basics.prg?session=42f943a74bf6d9fc_55390&amp;a_no=3408\" target=\"_blank\" rel=\"noopener noreferrer\">Nomadische Tierhaltung sichert Biodiversit\u00e4t und Ern\u00e4hrung.<\/a><\/p>\n<p><a href=\"http:\/\/www.nzzformat.ch\/108+M57284c9dda5.html\" target=\"_blank\" rel=\"noopener noreferrer\">Kamele. Ph\u00e4nomenale Nutztiere<\/a>. Dokumentarfilm bei <a class=\"zem_slink\" title=\"Neue Z\u00fcrcher Zeitung\" href=\"http:\/\/maps.google.com\/maps?ll=47.3651,8.5476&amp;spn=1.0,1.0&amp;q=47.3651,8.5476%20%28Neue%20Z%C3%BCrcher%20Zeitung%29&amp;t=h\" rel=\"geolocation\">NZZ<\/a> Format<\/p>\n<p><a href=\"http:\/\/www.arte.tv\/de\/Nomaden\/408586,CmC=359682.html\" target=\"_blank\" rel=\"noopener noreferrer\">Die Nomadenforscherin<\/a>. <a class=\"zem_slink\" title=\"Arte\" href=\"http:\/\/maps.google.com\/maps?ll=48.5938,7.7662&amp;spn=0.01,0.01&amp;q=48.5938,7.7662%20%28Arte%29&amp;t=h\" rel=\"geolocation\">Arte TV<\/a>.<\/p>\n<p><a href=\"http:\/\/www.pastoralpeoples.org\/docs\/natur_kosmos_2009_07.pdf\">Vier H\u00e4nde f\u00fcr einen H\u00f6cker<\/a>. Natur und Kosmos<\/p>\n<p><a href=\"http:\/\/www.natur.de\/scripts\/basics\/natur\/news\/basics.prg?session=5088f9a94d8e06e1_282635&amp;a_no=456&amp;suchbegriff=ilse%20k%F6hler\" target=\"_blank\" rel=\"noopener noreferrer\">Lichtblick f\u00fcr Shivas Hirten<\/a>. Natur und Kosmos<\/p>\n<p><a href=\"http:\/\/www.zeit.de\/2002\/46\/Die_Nomadin\" target=\"_blank\" rel=\"noopener noreferrer\">Die Nomadin<\/a>. Ilse K\u00f6hler-Rollefson erforscht das Zusammenleben von Mensch und Kamel. <a class=\"zem_slink\" title=\"Die Zeit\" href=\"http:\/\/www.zeit.de\" rel=\"homepage\">Die Zeit<\/a> 46\/2002<\/p>\n","protected":false},"excerpt":{"rendered":"<p>Stuck in lockdown, Rajasthan&#8217;s pastoral nomads worry for animals. Newsclick, May 5, 2020 There is no camel community for Australia&#8217;s camels. Down to Earth, January, 2020. Indefatigable Camel Crusader in Marwar Magazine , August 5, 2019 To save India&#8217;s Camel Culture, a new dairy is selling milk and cream cheese.\u00a0 Atlas Obscura, May 20, 2019 &hellip; <\/p>\n<p class=\"link-more\"><a href=\"http:\/\/www.ilse-koehler-rollefson.com\/?page_id=134\" class=\"more-link\">Continue reading<span class=\"screen-reader-text\"> &#8220;In the media&#8221;<\/span><\/a><\/p>\n","protected":false},"author":1,"featured_media":0,"parent":143,"menu_order":2,"comment_status":"open","ping_status":"open","template":"","meta":{"footnotes":""},"class_list":["post-134","page","type-page","status-publish","hentry"],"_links":{"self":[{"href":"http:\/\/www.ilse-koehler-rollefson.com\/index.php?rest_route=\/wp\/v2\/pages\/134","targetHints":{"allow":["GET"]}}],"collection":[{"href":"http:\/\/www.ilse-koehler-rollefson.com\/index.php?rest_route=\/wp\/v2\/pages"}],"about":[{"href":"http:\/\/www.ilse-koehler-rollefson.com\/index.php?rest_route=\/wp\/v2\/types\/page"}],"author":[{"embeddable":true,"href":"http:\/\/www.ilse-koehler-rollefson.com\/index.php?rest_route=\/wp\/v2\/users\/1"}],"replies":[{"embeddable":true,"href":"http:\/\/www.ilse-koehler-rollefson.com\/index.php?rest_route=%2Fwp%2Fv2%2Fcomments&post=134"}],"version-history":[{"count":10,"href":"http:\/\/www.ilse-koehler-rollefson.com\/index.php?rest_route=\/wp\/v2\/pages\/134\/revisions"}],"predecessor-version":[{"id":1406,"href":"http:\/\/www.ilse-koehler-rollefson.com\/index.php?rest_route=\/wp\/v2\/pages\/134\/revisions\/1406"}],"up":[{"embeddable":true,"href":"http:\/\/www.ilse-koehler-rollefson.com\/index.php?rest_route=\/wp\/v2\/pages\/143"}],"wp:attachment":[{"href":"http:\/\/www.ilse-koehler-rollefson.com\/index.php?rest_route=%2Fwp%2Fv2%2Fmedia&parent=134"}],"curies":[{"name":"wp","href":"https:\/\/api.w.org\/{rel}","templated":true}]}}